{"id":80,"date":"2024-07-24T13:58:36","date_gmt":"2024-07-24T13:58:36","guid":{"rendered":"https:\/\/centrofamiglia.ciscirie.it\/?page_id=80"},"modified":"2024-09-06T10:05:44","modified_gmt":"2024-09-06T10:05:44","slug":"consulenza-dsa-disturbi-specifici-di-apprendimento","status":"publish","type":"page","link":"https:\/\/centrofamiglia.ciscirie.it\/?page_id=80","title":{"rendered":"Consulenza DSA-disturbi specifici di apprendimento"},"content":{"rendered":"<h2>Consulenza DSA-disturbi specifici di apprendimento<\/h2>\n<p>I disturbi specifici di apprendimento, vengono generalmente diagnosticati in et\u00e0 scolare e fanno parte della categoria dei\u00a0disturbi del neurosviluppo.<\/p>\n<p>Riguardano in modo particolare le difficolt\u00e0 nelle abilit\u00e0 scolastiche,\u00a0ma possono essere associale anche a difficolt\u00e0 nel linguaggio, nella coordinazione motoria, nella comprensione del ragionamento matematico e dell\u2019espressione scritta.<\/p>\n<p>Possono essere:<\/p>\n<ul>\n<li>Dislessia che consiste nella difficolta di lettura di un testo in termini di velocit\u00e0 e correttezza, nella\u00a0compitazione (o\u00a0spelling), nella comprensione del testo letto.<\/li>\n<\/ul>\n<ul>\n<li>disortografia consiste nella difficolt\u00e0 di scrivere in modo corretto, difficolt\u00e0 di mappature complesse, omissioni di lettere, separazioni scorrette.<\/li>\n<li>disgrafia riguarda la componente motoria della scrittura per cui scrivere diventa faticoso e il risultato \u00e8 poco leggibile, presenta difficolt\u00e0 nei dettati, difficolt\u00e0 nel ricopiare la lavagna, parole disallineate, lentezza, ricalco.<\/li>\n<li>discalculia riguarda la difficolt\u00e0 nella manipolazione dei numeri, nei calcoli veloci a mente, nel recupero dei risultati nelle diverse operazioni aritmetiche, difficolt\u00e0 a riconoscere piccole quantit\u00e0, incapacit\u00e0 a memorizzare le tabelline.<\/li>\n<\/ul>\n<p>Lo Sportello D.S.A \u00e8 un servizio dove si pu\u00f2 trovare un esperto che attraverso una serie di strumenti pu\u00f2 capire se ci sono disturbi specifici di apprendimento.<\/p>\n<p>Pu\u00f2 inoltre offrire<\/p>\n<ul>\n<li>un percorso di conoscenza e approfondimento delle cadute specifiche e delle caratteristiche del DSA<\/li>\n<li>pu\u00f2 fornire una parte di documentazione che servir\u00e0 successivamente per la fase diagnostica<\/li>\n<li>pu\u00f2 offrire dei percorsi personalizzati per facilitare l\u2019apprendimento e lo studio<\/li>\n<li>pu\u00f2 suggerire la necessit\u00e0 di consultare altri professionisti<\/li>\n<\/ul>\n<p>Il servizio \u00e8 su appuntamento e prevede un contributo a carico di chi vi accede di euro 35 a titolo di rimborso spese, per l\u2019intero percorso<\/p>\n","protected":false},"excerpt":{"rendered":"<p>Consulenza DSA-disturbi specifici di apprendimento I disturbi specifici di apprendimento, vengono generalmente diagnosticati in et\u00e0 scolare e fanno parte della categoria dei\u00a0disturbi del neurosviluppo. Riguardano in modo particolare le difficolt\u00e0&#8230;<\/p>\n","protected":false},"author":1,"featured_media":0,"parent":0,"menu_order":0,"comment_status":"closed","ping_status":"closed","template":"","meta":{"footnotes":""},"class_list":["post-80","page","type-page","status-publish"],"_links":{"self":[{"href":"https:\/\/centrofamiglia.ciscirie.it\/index.php?rest_route=\/wp\/v2\/pages\/80","targetHints":{"allow":["GET"]}}],"collection":[{"href":"https:\/\/centrofamiglia.ciscirie.it\/index.php?rest_route=\/wp\/v2\/pages"}],"about":[{"href":"https:\/\/centrofamiglia.ciscirie.it\/index.php?rest_route=\/wp\/v2\/types\/page"}],"author":[{"embeddable":true,"href":"https:\/\/centrofamiglia.ciscirie.it\/index.php?rest_route=\/wp\/v2\/users\/1"}],"replies":[{"embeddable":true,"href":"https:\/\/centrofamiglia.ciscirie.it\/index.php?rest_route=%2Fwp%2Fv2%2Fcomments&post=80"}],"version-history":[{"count":2,"href":"https:\/\/centrofamiglia.ciscirie.it\/index.php?rest_route=\/wp\/v2\/pages\/80\/revisions"}],"predecessor-version":[{"id":108,"href":"https:\/\/centrofamiglia.ciscirie.it\/index.php?rest_route=\/wp\/v2\/pages\/80\/revisions\/108"}],"wp:attachment":[{"href":"https:\/\/centrofamiglia.ciscirie.it\/index.php?rest_route=%2Fwp%2Fv2%2Fmedia&parent=80"}],"curies":[{"name":"wp","href":"https:\/\/api.w.org\/{rel}","templated":true}]}}