{"id":75,"date":"2024-07-24T13:56:24","date_gmt":"2024-07-24T13:56:24","guid":{"rendered":"https:\/\/centrofamiglia.ciscirie.it\/?page_id=75"},"modified":"2024-09-06T09:14:06","modified_gmt":"2024-09-06T09:14:06","slug":"consulenza-genitoriale-educative","status":"publish","type":"page","link":"https:\/\/centrofamiglia.ciscirie.it\/?page_id=75","title":{"rendered":"Consulenza genitoriale\/educative"},"content":{"rendered":"<h2><strong>Consulenza genitoriale\/educative<\/strong><\/h2>\n<p>E\u2019 uno spazio di ascolto e di confronto dove si pu\u00f2 incontrare un operatore per riflettere insieme su:<\/p>\n<ul>\n<li>situazioni di vita familiare<\/li>\n<li>momenti evolutivi particolari ( nascita di un figlio, un\u2019adolescenza dirompente, la crisi della coppia, una malattia o un lutto, affrontare una separazione)<\/li>\n<li>difficolt\u00e0 relazionali tra genitori e tra genitori e figli,<\/li>\n<li>scelte educative e modelli<\/li>\n<li>riconoscimento e comprensione dei bisogni<\/li>\n<li>strategie di comunicazione e risoluzione delle difficolt\u00e0<\/li>\n<\/ul>\n<p>Essere genitore non \u00e8 facile, ma in alcuni momenti si pu\u00f2 avere la necessit\u00e0 di chiedere aiuto per non sentirsi soli e per riscoprire nuove risorse personali e familiari.<br \/>\nLa consulenza educativa \u00e8 un percorso breve e pu\u00f2 essere individuale o di coppia;<br \/>\nE\u2019 un servizio gratuito e su appuntamento<\/p>\n","protected":false},"excerpt":{"rendered":"<p>Consulenza genitoriale\/educative E\u2019 uno spazio di ascolto e di confronto dove si pu\u00f2 incontrare un operatore per riflettere insieme su: situazioni di vita familiare momenti evolutivi particolari ( nascita di&#8230;<\/p>\n","protected":false},"author":1,"featured_media":0,"parent":0,"menu_order":0,"comment_status":"closed","ping_status":"closed","template":"","meta":{"footnotes":""},"class_list":["post-75","page","type-page","status-publish"],"_links":{"self":[{"href":"https:\/\/centrofamiglia.ciscirie.it\/index.php?rest_route=\/wp\/v2\/pages\/75","targetHints":{"allow":["GET"]}}],"collection":[{"href":"https:\/\/centrofamiglia.ciscirie.it\/index.php?rest_route=\/wp\/v2\/pages"}],"about":[{"href":"https:\/\/centrofamiglia.ciscirie.it\/index.php?rest_route=\/wp\/v2\/types\/page"}],"author":[{"embeddable":true,"href":"https:\/\/centrofamiglia.ciscirie.it\/index.php?rest_route=\/wp\/v2\/users\/1"}],"replies":[{"embeddable":true,"href":"https:\/\/centrofamiglia.ciscirie.it\/index.php?rest_route=%2Fwp%2Fv2%2Fcomments&post=75"}],"version-history":[{"count":2,"href":"https:\/\/centrofamiglia.ciscirie.it\/index.php?rest_route=\/wp\/v2\/pages\/75\/revisions"}],"predecessor-version":[{"id":106,"href":"https:\/\/centrofamiglia.ciscirie.it\/index.php?rest_route=\/wp\/v2\/pages\/75\/revisions\/106"}],"wp:attachment":[{"href":"https:\/\/centrofamiglia.ciscirie.it\/index.php?rest_route=%2Fwp%2Fv2%2Fmedia&parent=75"}],"curies":[{"name":"wp","href":"https:\/\/api.w.org\/{rel}","templated":true}]}}